{"id":517,"date":"2026-01-01T01:01:00","date_gmt":"2026-01-01T07:01:00","guid":{"rendered":"https:\/\/socialblack.mx\/es\/?page_id=517"},"modified":"2026-01-12T17:06:05","modified_gmt":"2026-01-12T23:06:05","slug":"terminos-y-condiciones","status":"publish","type":"page","link":"https:\/\/socialblack.mx\/es\/terminos-y-condiciones\/","title":{"rendered":"T\u00e9rminos y Condiciones"},"content":{"rendered":"\n<p><strong>1. Aceptaci\u00f3n de los T\u00e9rminos<sup><\/sup><\/strong> El acceso y uso del sitio web <strong>socialblack.mx<\/strong> atribuye la condici\u00f3n de usuario e implica la aceptaci\u00f3n plena de las presentes condiciones.<sup><\/sup><\/p>\n\n\n\n<p><strong>2. Propiedad Intelectual y Uso de Marcas<\/strong><\/p>\n\n\n\n<ul class=\"wp-block-list\">\n<li><strong>Contenido de SOCIAL BLACK<\/strong>: Los logotipos, textos metodol\u00f3gicos, estructuras de servicios y dise\u00f1os propios de este sitio son propiedad exclusiva de Social Black Group SC.<\/li>\n\n\n\n<li><strong>Marcas de Terceros y Portfolio<\/strong>: SOCIAL BLACK reconoce y manifiesta que la propiedad intelectual, logotipos y derechos de marca de los clientes mostrados en la secci\u00f3n &#8220;Portfolio&#8221; (incluyendo Isuzu, John Deere, Randstad, entre otros) pertenecen exclusiva y \u00fanicamente a sus respectivos titulares bajo las leyes de propiedad industrial vigentes. SOCIAL BLACK hace uso de dichas menciones exclusivamente con fines informativos, de referencia t\u00e9cnica y para demostrar su competencia profesional como agencia proveedora de servicios, sin pretender en ning\u00fan momento la titularidad sobre dichas marcas.<\/li>\n<\/ul>\n\n\n\n<p><strong>3. Responsabilidad del Usuario<\/strong> El usuario se compromete a hacer un uso l\u00edcito de los formularios de contacto y a no proporcionar informaci\u00f3n falsa o que induzca a error.<\/p>\n\n\n\n<p><strong>4. Limitaci\u00f3n de Responsabilidad<\/strong> SOCIAL BLACK no garantiza la disponibilidad ininterrumpida del sitio y no se hace responsable por da\u00f1os derivados de interferencias, virus inform\u00e1ticos o fallos en las telecomunicaciones ajenos a su control.<\/p>\n\n\n\n<p><strong>5. Legislaci\u00f3n y Jurisdicci\u00f3n<\/strong> Para la interpretaci\u00f3n y cumplimiento de los presentes t\u00e9rminos, las partes se someten a la legislaci\u00f3n aplicable en la Ciudad de M\u00e9xico.<\/p>\n","protected":false},"excerpt":{"rendered":"<p>1. Aceptaci\u00f3n de los T\u00e9rminos El acceso y uso del sitio web socialblack.mx atribuye la condici\u00f3n de usuario e implica la aceptaci\u00f3n plena de las presentes condiciones. 2. Propiedad Intelectual&hellip;<\/p>\n","protected":false},"author":1,"featured_media":0,"parent":0,"menu_order":0,"comment_status":"closed","ping_status":"closed","template":"","meta":{"footnotes":""},"class_list":["post-517","page","type-page","status-publish","hentry"],"_links":{"self":[{"href":"https:\/\/socialblack.mx\/es\/wp-json\/wp\/v2\/pages\/517","targetHints":{"allow":["GET"]}}],"collection":[{"href":"https:\/\/socialblack.mx\/es\/wp-json\/wp\/v2\/pages"}],"about":[{"href":"https:\/\/socialblack.mx\/es\/wp-json\/wp\/v2\/types\/page"}],"author":[{"embeddable":true,"href":"https:\/\/socialblack.mx\/es\/wp-json\/wp\/v2\/users\/1"}],"replies":[{"embeddable":true,"href":"https:\/\/socialblack.mx\/es\/wp-json\/wp\/v2\/comments?post=517"}],"version-history":[{"count":1,"href":"https:\/\/socialblack.mx\/es\/wp-json\/wp\/v2\/pages\/517\/revisions"}],"predecessor-version":[{"id":518,"href":"https:\/\/socialblack.mx\/es\/wp-json\/wp\/v2\/pages\/517\/revisions\/518"}],"wp:attachment":[{"href":"https:\/\/socialblack.mx\/es\/wp-json\/wp\/v2\/media?parent=517"}],"curies":[{"name":"wp","href":"https:\/\/api.w.org\/{rel}","templated":true}]}}