{"id":37,"date":"2025-12-09T19:42:58","date_gmt":"2025-12-09T19:42:58","guid":{"rendered":"https:\/\/socialblack.mx\/es\/?page_id=37"},"modified":"2026-01-16T20:08:19","modified_gmt":"2026-01-17T02:08:19","slug":"contacto","status":"publish","type":"page","link":"https:\/\/socialblack.mx\/es\/contacto\/","title":{"rendered":"Contacto"},"content":{"rendered":"\t\t<div data-elementor-type=\"wp-page\" data-elementor-id=\"37\" class=\"elementor elementor-37\">\n\t\t\t\t<div class=\"elementor-element elementor-element-d3ff30f e-flex e-con-boxed sc_layouts_column_icons_position_left e-con e-parent\" data-id=\"d3ff30f\" data-element_type=\"container\">\n\t\t\t\t\t<div class=\"e-con-inner\">\n\t\t\t\t<div class=\"elementor-element elementor-element-16b16bb sc_fly_static elementor-widget elementor-widget-heading\" data-id=\"16b16bb\" data-element_type=\"widget\" data-widget_type=\"heading.default\">\n\t\t\t\t\t<h3 class=\"elementor-heading-title elementor-size-default\">Hablemos de tu proyecto<\/h3>\t\t\t\t<\/div>\n\t\t\t\t<div class=\"elementor-element elementor-element-99904b3 sc_fly_static elementor-widget elementor-widget-text-editor\" data-id=\"99904b3\" data-element_type=\"widget\" data-widget_type=\"text-editor.default\">\n\t\t\t\t\t\t\t\t\t<p>D\u00e9janos tus datos y cu\u00e9ntanos qu\u00e9 desaf\u00edo tienes enfrente.<\/p>\t\t\t\t\t\t\t\t<\/div>\n\t\t\t\t<div class=\"elementor-element elementor-element-1aa2bd5 sc_fly_static elementor-widget elementor-widget-trx_sc_contact_form_7\" data-id=\"1aa2bd5\" data-element_type=\"widget\" data-widget_type=\"trx_sc_contact_form_7.default\">\n\t\t\t\t<div class=\"elementor-widget-container\">\n\t\t\t\t\t\n<div class=\"wpcf7 no-js\" id=\"wpcf7-f27-o1\" lang=\"es-ES\" dir=\"ltr\" data-wpcf7-id=\"27\">\n<div class=\"screen-reader-response\"><p role=\"status\" aria-live=\"polite\" aria-atomic=\"true\"><\/p> <ul><\/ul><\/div>\n<form action=\"\/es\/wp-json\/wp\/v2\/pages\/37#wpcf7-f27-o1\" method=\"post\" class=\"wpcf7-form init\" aria-label=\"Formulario de contacto\" novalidate=\"novalidate\" data-status=\"init\">\n<fieldset class=\"hidden-fields-container\"><input type=\"hidden\" name=\"_wpcf7\" value=\"27\" \/><input type=\"hidden\" name=\"_wpcf7_version\" value=\"6.1.4\" \/><input type=\"hidden\" name=\"_wpcf7_locale\" value=\"es_ES\" \/><input type=\"hidden\" name=\"_wpcf7_unit_tag\" value=\"wpcf7-f27-o1\" \/><input type=\"hidden\" name=\"_wpcf7_container_post\" value=\"0\" \/><input type=\"hidden\" name=\"_wpcf7_posted_data_hash\" value=\"\" \/>\n<\/fieldset>\n<div class=\"sb-form-container\">\n\t<div class=\"sb-field-half\">\n\t\t<p><label>Nombre y apellido*<\/label><br \/>\n<span class=\"wpcf7-form-control-wrap\" data-name=\"your-name\"><input size=\"40\" maxlength=\"400\" class=\"wpcf7-form-control wpcf7-text wpcf7-validates-as-required\" autocomplete=\"name\" aria-required=\"true\" aria-invalid=\"false\" placeholder=\"Ej. Joe Black\" value=\"\" type=\"text\" name=\"your-name\" \/><\/span>\n\t\t<\/p>\n\t<\/div>\n\t<div class=\"sb-field-half\">\n\t\t<p><label>Empresa*<\/label><br \/>\n<span class=\"wpcf7-form-control-wrap\" data-name=\"your-company\"><input size=\"40\" maxlength=\"400\" class=\"wpcf7-form-control wpcf7-text wpcf7-validates-as-required\" aria-required=\"true\" aria-invalid=\"false\" placeholder=\"Nombre de tu empresa o proyecto\" value=\"\" type=\"text\" name=\"your-company\" \/><\/span>\n\t\t<\/p>\n\t<\/div>\n\t<div class=\"sb-field-half\">\n\t\t<p><label>Puesto \/ Cargo*<\/label><br \/>\n<span class=\"wpcf7-form-control-wrap\" data-name=\"your-job-title\"><input size=\"40\" maxlength=\"400\" class=\"wpcf7-form-control wpcf7-text wpcf7-validates-as-required\" aria-required=\"true\" aria-invalid=\"false\" placeholder=\"Ej. Gerente de Marketing\" value=\"\" type=\"text\" name=\"your-job-title\" \/><\/span>\n\t\t<\/p>\n\t<\/div>\n\t<div class=\"sb-field-half\">\n\t\t<p><label>Email corporativo*<\/label><br \/>\n<span class=\"wpcf7-form-control-wrap\" data-name=\"your-email\"><input size=\"40\" maxlength=\"400\" class=\"wpcf7-form-control wpcf7-email wpcf7-validates-as-required wpcf7-text wpcf7-validates-as-email\" autocomplete=\"email\" aria-required=\"true\" aria-invalid=\"false\" placeholder=\"nombre@empresa.com\" value=\"\" type=\"email\" name=\"your-email\" \/><\/span>\n\t\t<\/p>\n\t<\/div>\n\t<div class=\"sb-field-half\">\n\t\t<p><label>Tel\u00e9fono (Opcional)<\/label><br \/>\n<span class=\"wpcf7-form-control-wrap\" data-name=\"your-tel\"><input size=\"40\" maxlength=\"400\" class=\"wpcf7-form-control wpcf7-tel wpcf7-text wpcf7-validates-as-tel\" aria-invalid=\"false\" placeholder=\"+52 55 0000 0000\" value=\"\" type=\"tel\" name=\"your-tel\" \/><\/span>\n\t\t<\/p>\n\t<\/div>\n\t<div class=\"sb-field-half\">\n\t\t<p><label>\u00bfC\u00f3mo prefieres que te contactemos?*<\/label><br \/>\n<span class=\"wpcf7-form-control-wrap\" data-name=\"contact-preference\"><select class=\"wpcf7-form-control wpcf7-select wpcf7-validates-as-required\" aria-required=\"true\" aria-invalid=\"false\" name=\"contact-preference\"><option value=\"\">&#8212;Por favor, elige una opci\u00f3n&#8212;<\/option><option value=\"Email\">Email<\/option><option value=\"WhatsApp\">WhatsApp<\/option><option value=\"Llamada\">Llamada<\/option><\/select><\/span>\n\t\t<\/p>\n\t<\/div>\n\t<div class=\"sb-field-full\">\n\t\t<p><label>Servicios de inter\u00e9s (Puedes elegir varios)*<\/label><br \/>\n<span class=\"wpcf7-form-control-wrap\" data-name=\"service-interest\"><span class=\"wpcf7-form-control wpcf7-checkbox wpcf7-validates-as-required\"><span class=\"wpcf7-list-item first\"><label><input type=\"checkbox\" name=\"service-interest[]\" value=\"Content Marketing\" \/><span class=\"wpcf7-list-item-label\">Content Marketing<\/span><\/label><\/span><span class=\"wpcf7-list-item\"><label><input type=\"checkbox\" name=\"service-interest[]\" value=\"Manejo de Redes\" \/><span class=\"wpcf7-list-item-label\">Manejo de Redes<\/span><\/label><\/span><span class=\"wpcf7-list-item\"><label><input type=\"checkbox\" name=\"service-interest[]\" value=\"Paid Media\" \/><span class=\"wpcf7-list-item-label\">Paid Media<\/span><\/label><\/span><span class=\"wpcf7-list-item\"><label><input type=\"checkbox\" name=\"service-interest[]\" value=\"Dise\u00f1o Web\" \/><span class=\"wpcf7-list-item-label\">Dise\u00f1o Web<\/span><\/label><\/span><span class=\"wpcf7-list-item\"><label><input type=\"checkbox\" name=\"service-interest[]\" value=\"Producci\u00f3n Foto\/Video\" \/><span class=\"wpcf7-list-item-label\">Producci\u00f3n Foto\/Video<\/span><\/label><\/span><span class=\"wpcf7-list-item last\"><label><input type=\"checkbox\" name=\"service-interest[]\" value=\"Otros\" \/><span class=\"wpcf7-list-item-label\">Otros<\/span><\/label><\/span><\/span><\/span>\n\t\t<\/p>\n\t<\/div>\n\t<div class=\"sb-field-full\">\n\t\t<p><label>Rango de inversi\u00f3n estimada (Fee o Proyecto)*<\/label><br \/>\n<span class=\"wpcf7-form-control-wrap\" data-name=\"investment-range\"><select class=\"wpcf7-form-control wpcf7-select wpcf7-validates-as-required\" aria-required=\"true\" aria-invalid=\"false\" name=\"investment-range\"><option value=\"\">&#8212;Por favor, elige una opci\u00f3n&#8212;<\/option><option value=\"Desde $30,000 hasta $60,000 MXN\">Desde $30,000 hasta $60,000 MXN<\/option><option value=\"De $60,000 a $120,000 MXN\">De $60,000 a $120,000 MXN<\/option><option value=\"De $120,000 a $250,000 MXN\">De $120,000 a $250,000 MXN<\/option><option value=\"M\u00e1s de $250,000 MXN\">M\u00e1s de $250,000 MXN<\/option><\/select><\/span>\n\t\t<\/p>\n\t<\/div>\n\t<div class=\"sb-field-full\">\n\t\t<p><label>Mensaje \/ Contexto<\/label><br \/>\n<span class=\"wpcf7-form-control-wrap\" data-name=\"your-message\"><textarea cols=\"40\" rows=\"10\" maxlength=\"2000\" class=\"wpcf7-form-control wpcf7-textarea\" aria-invalid=\"false\" placeholder=\"Cu\u00e9ntanos brevemente sobre tus objetivos\" name=\"your-message\"><\/textarea><\/span>\n\t\t<\/p>\n\t<\/div>\n<input class=\"wpcf7-form-control wpcf7-hidden\" value=\"\" type=\"hidden\" name=\"source-page\" \/>\n\t<div class=\"sb-privacy\">\n\t\t<p><span class=\"wpcf7-form-control-wrap\" data-name=\"acceptance-1\"><span class=\"wpcf7-form-control wpcf7-acceptance\"><span class=\"wpcf7-list-item\"><label><input type=\"checkbox\" name=\"acceptance-1\" value=\"1\" aria-invalid=\"false\" \/><span class=\"wpcf7-list-item-label\">Acepto el tratamiento de mis datos personales.<\/span><\/label><\/span><\/span><\/span>\n\t\t<\/p>\n\t<\/div>\n\t<div class=\"sb-submit\">\n\t\t<p><input class=\"wpcf7-form-control wpcf7-submit has-spinner\" type=\"submit\" value=\"Enviar mensaje\" \/>\n\t\t<\/p>\n\t<\/div>\n<\/div>\n<p><script>\n(function() {\n \/\/ Limpieza inmediata y repetitiva por 3 segundos para asegurar el \u00e9xito\n var cleanCount = 0;\n var clearTask = setInterval(function() {\n var fields = document.querySelectorAll('textarea[name=\"your-message\"]');\n fields.forEach(function(f) {\n if (f.value.includes('interested in') || f.classList.contains('fill_inited')) {\n f.value = '';\n f.classList.remove('filled', 'fill_inited');\n }\n });\n cleanCount++;\n if (cleanCount > 60) clearInterval(clearTask); \/\/ Se detiene tras 3 segundos\n }, 50);\n\n \/\/ Redirecci\u00f3n profesional a \"Gracias\"\n document.addEventListener('wpcf7mailsent', function(event) {\n location = 'https:\/\/socialblack.mx\/es\/gracias\/';\n }, false);\n})();\n<\/script>\n<\/p><div class=\"wpcf7-response-output\" aria-hidden=\"true\"><\/div>\n<\/form>\n<\/div>\n\t\t\t\t<\/div>\n\t\t\t\t<\/div>\n\t\t\t\t<div class=\"elementor-element elementor-element-3854858 elementor-widget-divider--view-line sc_fly_static elementor-widget elementor-widget-divider\" data-id=\"3854858\" data-element_type=\"widget\" data-widget_type=\"divider.default\">\n\t\t\t\t\t\t\t<div class=\"elementor-divider\">\n\t\t\t<span class=\"elementor-divider-separator\">\n\t\t\t\t\t\t<\/span>\n\t\t<\/div>\n\t\t\t\t\t\t<\/div>\n\t\t\t\t\t<\/div>\n\t\t\t\t<\/div>\n\t\t<div class=\"elementor-element elementor-element-55232ad e-flex e-con-boxed sc_layouts_column_icons_position_left e-con e-parent\" data-id=\"55232ad\" data-element_type=\"container\">\n\t\t\t\t\t<div class=\"e-con-inner\">\n\t\t\t\t<div class=\"elementor-element elementor-element-1f19420 sc_fly_static elementor-widget elementor-widget-trx_widget_contacts\" data-id=\"1f19420\" data-element_type=\"widget\" data-widget_type=\"trx_widget_contacts.default\">\n\t\t\t\t<div class=\"elementor-widget-container\">\n\t\t\t\t\t<div class=\"widget_area sc_widget_contacts\"><aside class=\"widget widget_contacts\"><h5 class=\"widget_title\">Contacto directo<\/h5><div class=\"contacts_wrap\"><div class=\"contacts_description\"><p>Con gusto podemos atenderte por estos medios:<\/p><\/div><div class=\"contacts_info\"><span class=\"contacts_address\">Av. Insurgentes Sur 2453 Piso 6. Col. Tizap\u00e1n. CDMX.<\/span><span class=\"contacts_email\"><a href=\"mailto:&#110;e&#119;&#98;iz&#64;&#115;&#111;cia&#108;bla&#99;k.m&#120;\">newbiz&#64;&#115;&#111;cia&#108;&#98;la&#99;&#107;.m&#120;<\/a><\/span><a href=\"tel:5640064040\" class=\"contacts_phone\">56 4006 4040<\/a><\/div><div class=\"contacts_socials socials_wrap\"><a target=\"_blank\" rel=\"nofollow\" href=\"https:\/\/www.instagram.com\/socialblack.mx\/\" class=\"social_item social_item_style_icons sc_icon_type_icons social_item_type_icons\"><span class=\"social_icon social_icon_instagramm\" style=\"\"><span class=\"screen-reader-text\">instagramm<\/span><span class=\"icon-instagramm\"><\/span><\/span><\/a><a target=\"_blank\" rel=\"nofollow noopener\" href=\"https:\/\/www.facebook.com\/SocialBlackMx\/\" class=\"social_item social_item_style_icons sc_icon_type_icons social_item_type_icons\"><span class=\"social_icon social_icon_facebook\" style=\"\"><span class=\"screen-reader-text\">facebook<\/span><span class=\"icon-facebook\"><\/span><\/span><\/a><a target=\"_blank\" rel=\"nofollow noopener\" href=\"https:\/\/www.linkedin.com\/company\/socialblack\/\" class=\"social_item social_item_style_icons sc_icon_type_icons social_item_type_icons\"><span class=\"social_icon social_icon_linkedin\" style=\"\"><span class=\"screen-reader-text\">linkedin<\/span><span class=\"icon-linkedin\"><\/span><\/span><\/a><\/div><\/div><\/aside><\/div>\t\t\t\t<\/div>\n\t\t\t\t<\/div>\n\t\t\t\t<div class=\"elementor-element elementor-element-8c4ed48 sc_fly_static elementor-widget elementor-widget-trx_sc_button\" data-id=\"8c4ed48\" data-element_type=\"widget\" data-widget_type=\"trx_sc_button.default\">\n\t\t\t\t<div class=\"elementor-widget-container\">\n\t\t\t\t\t<div\tclass=\"sc_item_button sc_button_wrap\" ><a href=\"https:\/\/wa.me\/525640064040\" class=\"sc_button sc_button_default WAbtn sc_button_size_normal sc_button_with_icon sc_button_icon_left color_style_dark\" target=\"_blank\" rel=\"noopener\"><span class=\"sc_button_icon\"><span class=\"icon-whatsapp\"><\/span><\/span><span class=\"sc_button_text\"><span class=\"sc_button_title\">WhatsApp Business<\/span><\/span><\/a><\/div>\t\t\t\t<\/div>\n\t\t\t\t<\/div>\n\t\t\t\t\t<\/div>\n\t\t\t\t<\/div>\n\t\t\t\t<\/div>\n\t\t","protected":false},"excerpt":{"rendered":"<p>Hablemos de tu proyecto D\u00e9janos tus datos y cu\u00e9ntanos qu\u00e9 desaf\u00edo tienes enfrente. Nombre y apellido* Empresa* Puesto \/ Cargo* Email corporativo* Tel\u00e9fono (Opcional) \u00bfC\u00f3mo prefieres que te contactemos?* &#8212;Por&hellip;<\/p>\n","protected":false},"author":1,"featured_media":483,"parent":0,"menu_order":0,"comment_status":"closed","ping_status":"closed","template":"","meta":{"footnotes":""},"class_list":["post-37","page","type-page","status-publish","has-post-thumbnail","hentry"],"_links":{"self":[{"href":"https:\/\/socialblack.mx\/es\/wp-json\/wp\/v2\/pages\/37","targetHints":{"allow":["GET"]}}],"collection":[{"href":"https:\/\/socialblack.mx\/es\/wp-json\/wp\/v2\/pages"}],"about":[{"href":"https:\/\/socialblack.mx\/es\/wp-json\/wp\/v2\/types\/page"}],"author":[{"embeddable":true,"href":"https:\/\/socialblack.mx\/es\/wp-json\/wp\/v2\/users\/1"}],"replies":[{"embeddable":true,"href":"https:\/\/socialblack.mx\/es\/wp-json\/wp\/v2\/comments?post=37"}],"version-history":[{"count":39,"href":"https:\/\/socialblack.mx\/es\/wp-json\/wp\/v2\/pages\/37\/revisions"}],"predecessor-version":[{"id":562,"href":"https:\/\/socialblack.mx\/es\/wp-json\/wp\/v2\/pages\/37\/revisions\/562"}],"wp:featuredmedia":[{"embeddable":true,"href":"https:\/\/socialblack.mx\/es\/wp-json\/wp\/v2\/media\/483"}],"wp:attachment":[{"href":"https:\/\/socialblack.mx\/es\/wp-json\/wp\/v2\/media?parent=37"}],"curies":[{"name":"wp","href":"https:\/\/api.w.org\/{rel}","templated":true}]}}