{"id":33,"date":"2026-01-01T07:42:00","date_gmt":"2026-01-01T13:42:00","guid":{"rendered":"https:\/\/socialblack.mx\/es\/?page_id=33"},"modified":"2026-01-11T20:33:21","modified_gmt":"2026-01-12T02:33:21","slug":"proceso","status":"publish","type":"page","link":"https:\/\/socialblack.mx\/es\/proceso\/","title":{"rendered":"Nuestro proceso: Creatividad, agilidad y colaboraci\u00f3n"},"content":{"rendered":"\n<h2 class=\"wp-block-heading\">Sabemos entregar calidad gracias a un equipo compacto y talentoso. No somos una transnacional con capas de burocracia; somos una agencia con un proceso dise\u00f1ado para movernos r\u00e1pido y con precisi\u00f3n.<\/h2>\n\n\n\n<h3 class=\"wp-block-heading\">La esencia de Social Black<\/h3>\n\n\n\n<figure class=\"wp-block-image size-large\"><img fetchpriority=\"high\" decoding=\"async\" width=\"1024\" height=\"559\" src=\"https:\/\/socialblack.mx\/es\/wp-content\/uploads\/2026\/01\/agencia-social-black-proceso-001-1024x559.webp\" alt=\"Equipo de Social Black y cliente trabajando colaborativamente bajo KPIs. Metodolog\u00eda de mejora continua y ejecuci\u00f3n \u00e1gil en M\u00e9xico.\" class=\"wp-image-431\" srcset=\"https:\/\/socialblack.mx\/es\/wp-content\/uploads\/2026\/01\/agencia-social-black-proceso-001-1024x559.webp 1024w, https:\/\/socialblack.mx\/es\/wp-content\/uploads\/2026\/01\/agencia-social-black-proceso-001-300x164.webp 300w, https:\/\/socialblack.mx\/es\/wp-content\/uploads\/2026\/01\/agencia-social-black-proceso-001-768x419.webp 768w, https:\/\/socialblack.mx\/es\/wp-content\/uploads\/2026\/01\/agencia-social-black-proceso-001-370x202.webp 370w, https:\/\/socialblack.mx\/es\/wp-content\/uploads\/2026\/01\/agencia-social-black-proceso-001-840x459.webp 840w, https:\/\/socialblack.mx\/es\/wp-content\/uploads\/2026\/01\/agencia-social-black-proceso-001-410x224.webp 410w, https:\/\/socialblack.mx\/es\/wp-content\/uploads\/2026\/01\/agencia-social-black-proceso-001.webp 1200w\" sizes=\"(max-width: 1024px) 100vw, 1024px\" \/><\/figure>\n\n\n\n<h4 class=\"wp-block-heading\">Equipo experimentado<\/h4>\n\n\n\n<p>Nuestros roles est\u00e1n bien definidos, pero nuestra visi\u00f3n es compartida. Nos hemos formado en m\u00e9tricas, pero tambi\u00e9n en narrativa visual. El resultado es un equipo que entiende cada proyecto y donde todos buscamos resultados.<\/p>\n\n\n\n<h4 class=\"wp-block-heading\">Planeaci\u00f3n &gt; Bomberazo<\/h4>\n\n\n\n<p>El caos es constante en el mundo digital, pero nuestro orden es esencial. Planificamos cada fase para que, cuando surja una urgencia, sepamos exactamente d\u00f3nde acomodarla sin sacrificar la calidad de la estrategia digital que ya est\u00e1 en proceso.<\/p>\n\n\n\n<h4 class=\"wp-block-heading\">Cultura de datos<\/h4>\n\n\n\n<p>Si no se puede medir, no existe. Instalamos y configuramos herramientas clave como Pixeles, Google Analytics y Tag Manager porque nos apasiona la precisi\u00f3n en la anal\u00edtica web.<\/p>\n\n\n\n<figure class=\"wp-block-image size-large\"><img decoding=\"async\" width=\"1024\" height=\"589\" src=\"https:\/\/socialblack.mx\/es\/wp-content\/uploads\/2026\/01\/agencia-social-black-proceso-003-1024x589.webp\" alt=\"Profesional de la agencia Social Black presentando reportes y plan de acci\u00f3n a cliente corporativo en M\u00e9xico. Ilustraci\u00f3n de nuestro proceso de an\u00e1lisis de datos, optimizaci\u00f3n continua y ejecuci\u00f3n \u00e1gil con herramientas de medici\u00f3n y comunicaci\u00f3n estrat\u00e9gica.\" class=\"wp-image-442\" srcset=\"https:\/\/socialblack.mx\/es\/wp-content\/uploads\/2026\/01\/agencia-social-black-proceso-003-1024x589.webp 1024w, https:\/\/socialblack.mx\/es\/wp-content\/uploads\/2026\/01\/agencia-social-black-proceso-003-300x173.webp 300w, https:\/\/socialblack.mx\/es\/wp-content\/uploads\/2026\/01\/agencia-social-black-proceso-003-768x442.webp 768w, https:\/\/socialblack.mx\/es\/wp-content\/uploads\/2026\/01\/agencia-social-black-proceso-003-370x213.webp 370w, https:\/\/socialblack.mx\/es\/wp-content\/uploads\/2026\/01\/agencia-social-black-proceso-003-840x483.webp 840w, https:\/\/socialblack.mx\/es\/wp-content\/uploads\/2026\/01\/agencia-social-black-proceso-003-410x236.webp 410w, https:\/\/socialblack.mx\/es\/wp-content\/uploads\/2026\/01\/agencia-social-black-proceso-003.webp 1200w\" sizes=\"(max-width: 1024px) 100vw, 1024px\" \/><\/figure>\n\n\n\n<h4 class=\"wp-block-heading\">Reportes que cuentan historias<\/h4>\n\n\n\n<p>Olv\u00eddate de PDFs est\u00e1ticos y aburridos. Utilizamos herramientas como Looker Studio para entregarte tableros \u00e1giles, f\u00e1ciles de leer y con enlaces directos a la ejecuci\u00f3n. Queremos que entiendas qu\u00e9 pasa con tu proyecto en un vistazo a nuestros reportes de desempe\u00f1o.<\/p>\n\n\n\n<h4 class=\"wp-block-heading\">Socios estrat\u00e9gicos<\/h4>\n\n\n\n<p>Acompa\u00f1amos a los l\u00edderes de marketing para que nunca se sientan solos en la toma de decisiones. No solo ejecutamos lo que pides; te ayudamos a perseguir los objetivos de negocio correctos. Si hay que ajustar el rumbo, te lo diremos con la honestidad que tu marca necesita.<\/p>\n\n\n\n<h4 class=\"wp-block-heading\">Infraestructura de alto nivel<\/h4>\n\n\n\n<p>Aunque somos \u00e1giles, nuestro proceso tiene una s\u00f3lida. Invertimos en las mejores licencias, software y equipo de producci\u00f3n audiovisual (c\u00e1maras, \u00f3ptica, audio). Si vamos a hacerlo, lo hacemos con las herramientas adecuadas.<\/p>\n\n\n\n<figure class=\"wp-block-image size-large\"><img decoding=\"async\" width=\"1024\" height=\"572\" src=\"https:\/\/socialblack.mx\/es\/wp-content\/uploads\/2026\/01\/agencia-social-black-proceso-002-1024x572.webp\" alt=\"Equipo de la agencia Social Black y su cliente revisando m\u00e9tricas y KPIs durante un proceso de trabajo colaborativo en M\u00e9xico. Ejemplo de nuestra metodolog\u00eda \u00e1gil, mejora continua y alineaci\u00f3n estrat\u00e9gica en tiempo real.\n\n\" class=\"wp-image-445\" srcset=\"https:\/\/socialblack.mx\/es\/wp-content\/uploads\/2026\/01\/agencia-social-black-proceso-002-1024x572.webp 1024w, https:\/\/socialblack.mx\/es\/wp-content\/uploads\/2026\/01\/agencia-social-black-proceso-002-300x168.webp 300w, https:\/\/socialblack.mx\/es\/wp-content\/uploads\/2026\/01\/agencia-social-black-proceso-002-768x429.webp 768w, https:\/\/socialblack.mx\/es\/wp-content\/uploads\/2026\/01\/agencia-social-black-proceso-002-370x207.webp 370w, https:\/\/socialblack.mx\/es\/wp-content\/uploads\/2026\/01\/agencia-social-black-proceso-002-410x229.webp 410w, https:\/\/socialblack.mx\/es\/wp-content\/uploads\/2026\/01\/agencia-social-black-proceso-002-840x469.webp 840w, https:\/\/socialblack.mx\/es\/wp-content\/uploads\/2026\/01\/agencia-social-black-proceso-002-270x152.webp 270w, https:\/\/socialblack.mx\/es\/wp-content\/uploads\/2026\/01\/agencia-social-black-proceso-002.webp 1200w\" sizes=\"(max-width: 1024px) 100vw, 1024px\" \/><\/figure>\n\n\n\n<h4 class=\"wp-block-heading\">Agilidad y enfoque (Remote-first)<\/h4>\n\n\n\n<p>Elegimos ser un equipo distribuido para priorizar el trabajo profundo sobre las reuniones presenciales innecesarias. Nuestro tiempo se invierte en crear y optimizar, no en traslados. Somos un <a href=\"https:\/\/www.instagram.com\/socialblack.mx\/\">equipo<\/a> presente, responsable y altamente productivo.<\/p>\n\n\n\n<h4 class=\"wp-block-heading\">Compromiso mutuo<\/h4>\n\n\n\n<p>El \u00e9xito requiere colaboraci\u00f3n real. Nosotros ponemos la experiencia y la ejecuci\u00f3n, pero necesitamos tu visi\u00f3n y retroalimentaci\u00f3n. Valoramos enormemente a los clientes que se toman el tiempo de revisar los avances con la misma seriedad con la que nosotros creamos sus campa\u00f1as.<\/p>\n\n\n\n<h4 class=\"wp-block-heading\">Optimizaci\u00f3n continua<\/h4>\n\n\n\n<p>El lanzamiento es solo el inicio. Ya sea en <a href=\"https:\/\/socialblack.mx\/es\/servicios\/publicidad-redes-sociales\/\" data-type=\"cpt_services\" data-id=\"299\">pauta publicitaria<\/a>, contenido o desarrollo web, nuestro proceso incluye un ciclo constante de mejora. Buscamos que la comunicaci\u00f3n nunca se cicle y que el proyecto siempre avance.<\/p>\n","protected":false},"excerpt":{"rendered":"<p>Sabemos entregar calidad gracias a un equipo compacto y talentoso. No somos una transnacional con capas de burocracia; somos una agencia con un proceso dise\u00f1ado para movernos r\u00e1pido y con&hellip;<\/p>\n","protected":false},"author":1,"featured_media":431,"parent":0,"menu_order":0,"comment_status":"closed","ping_status":"closed","template":"","meta":{"footnotes":""},"class_list":["post-33","page","type-page","status-publish","has-post-thumbnail","hentry"],"_links":{"self":[{"href":"https:\/\/socialblack.mx\/es\/wp-json\/wp\/v2\/pages\/33","targetHints":{"allow":["GET"]}}],"collection":[{"href":"https:\/\/socialblack.mx\/es\/wp-json\/wp\/v2\/pages"}],"about":[{"href":"https:\/\/socialblack.mx\/es\/wp-json\/wp\/v2\/types\/page"}],"author":[{"embeddable":true,"href":"https:\/\/socialblack.mx\/es\/wp-json\/wp\/v2\/users\/1"}],"replies":[{"embeddable":true,"href":"https:\/\/socialblack.mx\/es\/wp-json\/wp\/v2\/comments?post=33"}],"version-history":[{"count":7,"href":"https:\/\/socialblack.mx\/es\/wp-json\/wp\/v2\/pages\/33\/revisions"}],"predecessor-version":[{"id":446,"href":"https:\/\/socialblack.mx\/es\/wp-json\/wp\/v2\/pages\/33\/revisions\/446"}],"wp:featuredmedia":[{"embeddable":true,"href":"https:\/\/socialblack.mx\/es\/wp-json\/wp\/v2\/media\/431"}],"wp:attachment":[{"href":"https:\/\/socialblack.mx\/es\/wp-json\/wp\/v2\/media?parent=33"}],"curies":[{"name":"wp","href":"https:\/\/api.w.org\/{rel}","templated":true}]}}